{"id":27,"date":"2024-04-10T19:59:37","date_gmt":"2024-04-10T19:59:37","guid":{"rendered":"https:\/\/xn--psychotherpie-offmller-9lc.at\/wp\/?page_id=27"},"modified":"2025-10-24T15:10:39","modified_gmt":"2025-10-24T15:10:39","slug":"kosten","status":"publish","type":"page","link":"https:\/\/xn--psychotherapie-offmller-upc.at\/wp\/kosten\/","title":{"rendered":"Kosten und FAQ"},"content":{"rendered":"\n<div class=\"wp-block-cover alignfull has-parallax has-custom-content-position is-position-center-right\" style=\"min-height:100vh;aspect-ratio:unset;\"><div class=\"wp-block-cover__image-background wp-image-143 has-parallax\" style=\"background-position:50% 50%;background-image:url(https:\/\/xn--psychotherapie-offmller-upc.at\/wp\/wp-content\/uploads\/2024\/04\/praxis-foto.jpeg)\"><\/div><span aria-hidden=\"true\" class=\"wp-block-cover__background has-background-dim-40 has-background-dim\" style=\"background-color:#000000\"><\/span><div class=\"wp-block-cover__inner-container is-layout-flow wp-block-cover-is-layout-flow\">\n<h2 class=\"wp-block-heading alignwide has-white-color has-text-color\" style=\"font-size:clamp(27.894px, 1.743rem + ((1vw - 3.2px) * 2.094), 48px);line-height:1.2\">Settings:<\/h2>\n\n\n\n<div class=\"wp-block-columns alignwide is-layout-flex wp-container-core-columns-is-layout-28f84493 wp-block-columns-is-layout-flex\">\n<div class=\"wp-block-column is-layout-flow wp-block-column-is-layout-flow\" style=\"flex-basis:60%\">\n<p class=\"has-text-color\" style=\"color:#ffffff\">Wenn Sie sich nicht sicher sind, welches das richtige Setting f\u00fcr Sie ist, kontaktieren Sie mich gerne telefonisch oder per Mail!.<\/p>\n\n\n\n<div class=\"wp-block-buttons is-layout-flex wp-block-buttons-is-layout-flex\">\n<div class=\"wp-block-button is-style-outline is-style-outline--1\"><a class=\"wp-block-button__link has-text-color has-background wp-element-button\" href=\"https:\/\/xn--psychotherapie-offmller-upc.at\/wp\/sample-page\/\" style=\"color:#ffffff;background-color:#000000\"><strong>Kontakt<\/strong><\/a><\/div>\n<\/div>\n<\/div>\n\n\n\n<div class=\"wp-block-column is-layout-flow wp-block-column-is-layout-flow\"><\/div>\n<\/div>\n<\/div><\/div>\n\n\n\n<div class=\"wp-block-group alignfull has-base-2-background-color has-background has-global-padding is-layout-constrained wp-container-core-group-is-layout-669513ed wp-block-group-is-layout-constrained\" style=\"margin-top:0;margin-bottom:0;padding-top:var(--wp--preset--spacing--50);padding-right:var(--wp--preset--spacing--50);padding-bottom:var(--wp--preset--spacing--50);padding-left:var(--wp--preset--spacing--50)\">\n<div class=\"wp-block-group alignwide has-accent-background-color has-background has-global-padding is-layout-constrained wp-container-core-group-is-layout-a151063b wp-block-group-is-layout-constrained\" style=\"border-radius:16px;padding-top:var(--wp--preset--spacing--50);padding-right:var(--wp--preset--spacing--40);padding-bottom:var(--wp--preset--spacing--50);padding-left:var(--wp--preset--spacing--40)\">\n<div class=\"wp-block-group alignwide is-vertical is-content-justification-stretch is-layout-flex wp-container-core-group-is-layout-353c4f5a wp-block-group-is-layout-flex\">\n<p class=\"has-text-align-center has-xx-large-font-size\"><strong>Settings und Kosten:<\/strong><\/p>\n<\/div>\n\n\n\n<div class=\"wp-block-columns alignwide is-layout-flex wp-container-core-columns-is-layout-06670bbc wp-block-columns-is-layout-flex\">\n<div class=\"wp-block-column is-layout-flow wp-block-column-is-layout-flow\" style=\"border-top-color:var(--wp--preset--color--contrast-3);border-top-width:1px;padding-top:var(--wp--preset--spacing--30);padding-right:var(--wp--preset--spacing--30);padding-bottom:var(--wp--preset--spacing--10);padding-left:var(--wp--preset--spacing--30)\">\n<h4 class=\"wp-block-heading has-text-align-center has-medium-font-size\" style=\"padding-top:1px\"><em><strong>Einzelsetting<\/strong><\/em><\/h4>\n\n\n\n<h5 class=\"wp-block-heading has-text-align-center has-x-large-font-size\">80 \u20ac<\/h5>\n\n\n\n<div class=\"wp-block-group is-vertical is-content-justification-stretch is-layout-flex wp-container-core-group-is-layout-353c4f5a wp-block-group-is-layout-flex\">\n<p>Dauer: 50 Minuten<\/p>\n\n\n\n<p><br><\/p>\n<\/div>\n\n\n\n<div style=\"height:var(--wp--preset--spacing--10)\" aria-hidden=\"true\" class=\"wp-block-spacer\"><\/div>\n<\/div>\n\n\n\n<div class=\"wp-block-column is-layout-flow wp-block-column-is-layout-flow\" style=\"border-top-color:var(--wp--preset--color--contrast-3);border-top-width:1px;padding-top:var(--wp--preset--spacing--30);padding-right:var(--wp--preset--spacing--30);padding-bottom:var(--wp--preset--spacing--10);padding-left:var(--wp--preset--spacing--30)\">\n<h4 class=\"wp-block-heading has-text-align-center has-medium-font-size\" style=\"padding-top:1px\"><em><strong>Paarsetting<\/strong><\/em><\/h4>\n\n\n\n<h5 class=\"wp-block-heading has-text-align-center has-x-large-font-size\">160 \u20ac<\/h5>\n\n\n\n<div class=\"wp-block-group is-vertical is-content-justification-stretch is-layout-flex wp-container-core-group-is-layout-353c4f5a wp-block-group-is-layout-flex\">\n<p>Dauer: 90 Minuten<\/p>\n<\/div>\n<\/div>\n\n\n\n<div class=\"wp-block-column is-layout-flow wp-block-column-is-layout-flow\" style=\"border-top-color:var(--wp--preset--color--contrast-3);border-top-width:1px;padding-top:var(--wp--preset--spacing--30);padding-right:var(--wp--preset--spacing--30);padding-bottom:var(--wp--preset--spacing--10);padding-left:var(--wp--preset--spacing--30)\">\n<h4 class=\"wp-block-heading has-text-align-center has-medium-font-size\" style=\"padding-top:1px\"><em><strong>Familiensetting<\/strong><\/em><\/h4>\n\n\n\n<h5 class=\"wp-block-heading has-text-align-center has-x-large-font-size\">160 \u20ac<\/h5>\n\n\n\n<div class=\"wp-block-group is-vertical is-content-justification-stretch is-layout-flex wp-container-core-group-is-layout-353c4f5a wp-block-group-is-layout-flex\">\n<p>Dauer: 90 Minuten<\/p>\n<\/div>\n\n\n\n<div style=\"height:var(--wp--preset--spacing--10)\" aria-hidden=\"true\" class=\"wp-block-spacer\"><\/div>\n<\/div>\n<\/div>\n\n\n\n<p>Die Bezahlung erfolgt Bar oder per Bank\u00fcberweisung nach jeder Therapiesitzung. <br>Alle angegebenen Preise sind Bruttopreise. Die Psychotherapeutische Behandlung ist gem\u00e4\u00df \u00a7 6 Abs. 1 Z 19 UstG von der Umsatzsteuer befreit.<\/p>\n<\/div>\n\n\n\n<div class=\"wp-block-group alignfull has-base-color has-contrast-background-color has-text-color has-background has-link-color wp-elements-ec0f6f2581456584e0edacd9503991c1 is-vertical is-layout-flex wp-container-core-group-is-layout-2964369c wp-block-group-is-layout-flex\" style=\"margin-top:0;margin-bottom:0;padding-top:var(--wp--preset--spacing--50);padding-right:var(--wp--preset--spacing--50);padding-bottom:var(--wp--preset--spacing--50);padding-left:var(--wp--preset--spacing--50)\">\n<h2 class=\"wp-block-heading alignwide has-base-color has-text-color has-link-color wp-elements-c9b5699bdecff18878afa112249018b5\" style=\"font-size:clamp(4.509rem, 4.509rem + ((1vw - 0.2rem) * 9.152), 10rem);letter-spacing:-0.02em\">FAQs<\/h2>\n\n\n\n<div class=\"wp-block-group alignwide is-layout-flow wp-block-group-is-layout-flow\">\n<hr class=\"wp-block-separator has-text-color has-base-color has-alpha-channel-opacity has-base-background-color has-background is-style-wide\"\/>\n\n\n\n<details class=\"wp-block-details is-style-arrow-icon-details has-medium-font-size is-layout-flow wp-block-details-is-layout-flow\" style=\"border-top-style:none;border-top-width:0px;border-right-style:none;border-right-width:0px;border-bottom-color:var(--wp--preset--color--base);border-bottom-style:solid;border-bottom-width:1px;border-left-style:none;border-left-width:0px;margin-top:0\"><summary>Was bedeutet Psychotherapeutin in Ausbildung unter Supervision?<\/summary>\n<p class=\"has-contrast-1-color has-text-color has-link-color wp-elements-89f599d9cafd76176f094e5bdd0443d3\">Die Psychotherapieausbildung dauert 6 Jahre und umfasst mehrere theoretische und praktische Abschnitte. Sobald ein Gro\u00dfteil der Ausbildung absolviert wurde, kann die anerkannte fachspezifische Ausbildungseinrichtung die\/den Kandidat*in autorisieren, eine eigene Praxis zu f\u00fchren und somit selbstst\u00e4ndig zu arbeiten. Psychotherapeut*innen in Ausbildung unter Supervision (i.A.u.S.) befinden sich in der letzten Phase der Psychotherapie-Ausbildung und arbeiten unter Supervision, d.h. sie werden von erfahrenen Psychotherapeut*innen begleitet und beraten.<\/p>\n<\/details>\n\n\n\n<details class=\"wp-block-details is-style-arrow-icon-details has-medium-font-size is-layout-flow wp-block-details-is-layout-flow\" style=\"border-top-style:none;border-top-width:0px;border-right-style:none;border-right-width:0px;border-bottom-color:var(--wp--preset--color--base);border-bottom-style:solid;border-bottom-width:1px;border-left-style:none;border-left-width:0px;margin-top:0\"><summary>Was ist Systemische Therapie?<\/summary>\n<p class=\"has-contrast-1-color has-text-color has-link-color wp-elements-399d8ddbf9e8f45df085d986154efb5a\">In der Familientherapie \/ Systemischen Therapie werden Probleme nicht als Eigenschaften einzelner Personen gesehen. Sie sind Ausdruck der aktuellen Kommunikations- und Beziehungsbedingungen in einem System. Symptome erscheinen auch n\u00fctzlich, da sie auf St\u00f6rungen der Entwicklungsm\u00f6glichkeiten hinweisen. Ziel der Therapie ist eine Erweiterung der Wahrnehmungs- und Handlungsm\u00f6glichkeiten des Einzelnen. FamilientherapeutInnen arbeiten ressourcenorientiert. Der Therapeut \/ die Therapeutin versucht, die bisherigen Muster in Frage zu stellen und regt andere Sichtweisen an. Dabei nutzt sie\/er besondere Gespr\u00e4chstechniken. Die TherapeutInnen sehen sich NICHT als die Experten, die die Diagnose stellen und die L\u00f6sung vorgeben. Sie f\u00fchren vielmehr einen neugierigen und respektvollen Dialog mit ihren KlientInnen, einem Einzelnen, einem Paar oder einer Familie, um sie darin zu unterst\u00fctzen, Blockaden aufzul\u00f6sen und neue Perspektiven und befriedigendere Muster des Zusammenlebens zu entwickeln.<\/p>\n<\/details>\n\n\n\n<details class=\"wp-block-details is-style-arrow-icon-details has-medium-font-size is-layout-flow wp-block-details-is-layout-flow\" style=\"border-top-style:none;border-top-width:0px;border-right-style:none;border-right-width:0px;border-bottom-color:var(--wp--preset--color--base);border-bottom-style:solid;border-bottom-width:1px;border-left-style:none;border-left-width:0px;margin-top:0\"><summary>Kann ich die Kosten der Therapie mit der Krankenkassa abrechnen?<\/summary>\n<p class=\"has-contrast-1-color has-text-color has-link-color wp-elements-2d9c131f7ae49554a42f937e86a83cb9\">Leider ist dies, solange meine Ausbildung noch nicht vollst\u00e4ndig abgeschlossen ist, nicht m\u00f6glich.<\/p>\n<\/details>\n\n\n\n<details class=\"wp-block-details is-style-arrow-icon-details has-medium-font-size is-layout-flow wp-block-details-is-layout-flow\" style=\"border-top-style:none;border-top-width:0px;border-right-style:none;border-right-width:0px;border-bottom-color:var(--wp--preset--color--base);border-bottom-style:solid;border-bottom-width:1px;border-left-style:none;border-left-width:0px;margin-top:0\"><summary>Wie viele Sitzungen brauche ich?<\/summary>\n<p class=\"has-contrast-1-color has-text-color has-link-color wp-elements-8fb8c817bbadc15a8639fcfe43aa688c\">So individuell die Anliegen und Motive meiner Klient*innen, so individuell ist auch die Dauer der jeweiligen Psychotherapie. Allerdings ist es wichtig, sich dar\u00fcber bewusst zu sein, dass eine Psychotherapie ein intensiver Arbeitsprozess ist, der Ihre Bereitschaft und Ihren Wunsch nach Ver\u00e4nderung voraussetzt. Wie viel Zeit dieser Prozess in Anspruch nehmen wird, kann leider nicht bestimmt werden.<\/p>\n<\/details>\n<\/div>\n<\/div>\n<\/div>\n\n\n\n<div class=\"wp-block-group alignfull has-background-color has-white-color has-text-color has-background has-link-color wp-elements-6a2b2218c37feec9bcc0df7deee071bd is-vertical is-content-justification-stretch is-layout-flex wp-container-core-group-is-layout-48a3dbfb wp-block-group-is-layout-flex\" style=\"background:linear-gradient(180deg,rgb(181,189,188) 0%,rgb(184,214,209) 12%,rgb(249,249,249) 100%);min-height:40vh;margin-top:0;margin-bottom:0;padding-top:var(--wp--preset--spacing--60);padding-right:var(--wp--preset--spacing--40);padding-bottom:var(--wp--preset--spacing--60);padding-left:var(--wp--preset--spacing--40)\">\n<div class=\"wp-block-columns alignwide has-small-font-size is-layout-flex wp-container-core-columns-is-layout-28f84493 wp-block-columns-is-layout-flex\">\n<div class=\"wp-block-column is-layout-flow wp-block-column-is-layout-flow\">\n<p class=\"has-text-align-center has-contrast-color has-text-color has-link-color wp-elements-e1826ea692b61aee5bdf977419e00653\">Kontakt:<\/p>\n\n\n\n<p class=\"has-text-align-center has-contrast-color has-text-color has-link-color wp-elements-e66aa0e0260857a65c95915c14796214\">Offm\u00fcller Nicole<br>Psychotherapeutin in Ausbildung unter Supervision<br>Tel: 0680\/17 32 945<br>Mail: psychotherapie.offmueller@gmail.com<br>Adresse: Kerschbaumergasse 2-4\/ Top 3.1<br>3430 Tulln<\/p>\n<\/div>\n\n\n\n<div class=\"wp-block-column is-layout-flow wp-block-column-is-layout-flow\">\n<p class=\"has-text-align-center has-contrast-color has-text-color has-link-color wp-elements-64733cb454ad2c5bb65f8eb48021f541\">Seiten:<\/p>\n\n\n<nav class=\"has-text-color has-contrast-color has-small-font-size items-justified-center is-vertical no-wrap wp-block-navigation is-content-justification-center is-nowrap is-layout-flex wp-container-core-navigation-is-layout-34a3ecb2 wp-block-navigation-is-layout-flex\" aria-label=\"Navigation\"><ul class=\"wp-block-navigation__container has-text-color has-contrast-color has-small-font-size items-justified-center is-vertical no-wrap wp-block-navigation has-small-font-size\"><li class=\"has-small-font-size wp-block-navigation-item wp-block-navigation-link\"><a class=\"wp-block-navigation-item__content\"  href=\"https:\/\/xn--psychotherapie-offmller-upc.at\/wp\/sample-page\/\"><span class=\"wp-block-navigation-item__label\">Kontakt<\/span><\/a><\/li><li class=\"has-small-font-size wp-block-navigation-item wp-block-navigation-link\"><a class=\"wp-block-navigation-item__content\"  href=\"https:\/\/xn--psychotherapie-offmller-upc.at\/wp\/wer-bin-ich\/\"><span class=\"wp-block-navigation-item__label\">Wer bin Ich?<\/span><\/a><\/li><li class=\"has-small-font-size wp-block-navigation-item wp-block-navigation-link\"><a class=\"wp-block-navigation-item__content\"  href=\"https:\/\/xn--psychotherapie-offmller-upc.at\/wp\/kosten\/\"><span class=\"wp-block-navigation-item__label\">Kosten und FAQ<\/span><\/a><\/li><li class=\"has-small-font-size wp-block-navigation-item wp-block-navigation-link\"><a class=\"wp-block-navigation-item__content\"  href=\"https:\/\/xn--psychotherapie-offmller-upc.at\/wp\/privacy-policy\/\"><span class=\"wp-block-navigation-item__label\">Rahmenbedingungen<\/span><\/a><\/li><li class=\"has-small-font-size wp-block-navigation-item wp-block-navigation-link\"><a class=\"wp-block-navigation-item__content\"  href=\"https:\/\/xn--psychotherapie-offmller-upc.at\/wp\/notfallkontakte\/\"><span class=\"wp-block-navigation-item__label\">Notfallkontakte<\/span><\/a><\/li><li class=\"has-small-font-size wp-block-navigation-item wp-block-navigation-link\"><a class=\"wp-block-navigation-item__content\"  href=\"https:\/\/xn--psychotherapie-offmller-upc.at\/wp\/impressum\/\"><span class=\"wp-block-navigation-item__label\">Impressum<\/span><\/a><\/li><li class=\"has-small-font-size wp-block-navigation-item wp-block-navigation-link\"><a class=\"wp-block-navigation-item__content\"  href=\"https:\/\/xn--psychotherapie-offmller-upc.at\/wp\/datenschutz-informationen\/\"><span class=\"wp-block-navigation-item__label\">Datenschutz Informationen<\/span><\/a><\/li><\/ul><\/nav><\/div>\n<\/div>\n\n\n\n<div class=\"wp-block-group alignwide is-content-justification-center is-layout-flex wp-container-core-group-is-layout-c124d1c4 wp-block-group-is-layout-flex\">\n<p class=\"has-text-align-center has-contrast-color has-text-color has-link-color has-small-font-size wp-elements-1ecfc353f587f92d27634ac5096a2915\"> Proudly powered by <a rel=\"nofollow\" href=\"https:\/\/wordpress.org\">WordPress<\/a> <\/p>\n<\/div>\n<\/div>\n","protected":false},"excerpt":{"rendered":"<p>Settings und Kosten: Einzelsetting 80 \u20ac Dauer: 50 Minuten Paarsetting 160 \u20ac Dauer: 90 Minuten Familiensetting 160 \u20ac Dauer: 90 Minuten Die Bezahlung erfolgt Bar oder per Bank\u00fcberweisung nach jeder Therapiesitzung. Alle angegebenen Preise sind Bruttopreise. Die Psychotherapeutische Behandlung ist gem\u00e4\u00df \u00a7 6 Abs. 1 Z 19 UstG von der Umsatzsteuer befreit.<\/p>\n","protected":false},"author":1,"featured_media":0,"parent":0,"menu_order":0,"comment_status":"closed","ping_status":"closed","template":"","meta":{"footnotes":""},"class_list":["post-27","page","type-page","status-publish","hentry"],"yoast_head":"<!-- This site is optimized with the Yoast SEO plugin v24.6 - https:\/\/yoast.com\/wordpress\/plugins\/seo\/ -->\n<title>Kosten und FAQ - Psychotherapie Nicole Offm\u00fcller Kosten und FAQ Psychotherapie Nicole Offm\u00fcller<\/title>\n<meta name=\"description\" content=\"Psychotherapie, psychotherapeutin, tulln, paartherapie, Familientherapie, systemische therapie, Krise, gespr\u00e4chstherapie, Tulln an der donau, offm\u00fcller, Psychotherapie Nicole Offm\u00fcller Kosten und FAQ\" \/>\n<meta name=\"robots\" content=\"index, follow, max-snippet:-1, max-image-preview:large, max-video-preview:-1\" \/>\n<link rel=\"canonical\" href=\"https:\/\/xn--psychotherapie-offmller-upc.at\/wp\/kosten\/\" \/>\n<meta property=\"og:locale\" content=\"de_DE\" \/>\n<meta property=\"og:type\" content=\"article\" \/>\n<meta property=\"og:title\" content=\"Kosten und FAQ - Psychotherapie Nicole Offm\u00fcller Kosten und FAQ Psychotherapie Nicole Offm\u00fcller\" \/>\n<meta property=\"og:description\" content=\"Psychotherapie, psychotherapeutin, tulln, paartherapie, Familientherapie, systemische therapie, Krise, gespr\u00e4chstherapie, Tulln an der donau, offm\u00fcller, Psychotherapie Nicole Offm\u00fcller Kosten und FAQ\" \/>\n<meta property=\"og:url\" content=\"https:\/\/xn--psychotherapie-offmller-upc.at\/wp\/kosten\/\" \/>\n<meta property=\"og:site_name\" content=\"Psychotherapie Nicole Offm\u00fcller\" \/>\n<meta property=\"article:modified_time\" content=\"2025-10-24T15:10:39+00:00\" \/>\n<meta name=\"twitter:card\" content=\"summary_large_image\" \/>\n<meta name=\"twitter:label1\" content=\"Gesch\u00e4tzte Lesezeit\" \/>\n\t<meta name=\"twitter:data1\" content=\"1\u00a0Minute\" \/>\n<script type=\"application\/ld+json\" class=\"yoast-schema-graph\">{\"@context\":\"https:\/\/schema.org\",\"@graph\":[{\"@type\":\"WebPage\",\"@id\":\"https:\/\/xn--psychotherapie-offmller-upc.at\/wp\/kosten\/\",\"url\":\"https:\/\/xn--psychotherapie-offmller-upc.at\/wp\/kosten\/\",\"name\":\"Kosten und FAQ - Psychotherapie Nicole Offm\u00fcller Kosten und FAQ Psychotherapie Nicole Offm\u00fcller\",\"isPartOf\":{\"@id\":\"https:\/\/xn--psychotherapie-offmller-upc.at\/wp\/#website\"},\"datePublished\":\"2024-04-10T19:59:37+00:00\",\"dateModified\":\"2025-10-24T15:10:39+00:00\",\"description\":\"Psychotherapie, psychotherapeutin, tulln, paartherapie, Familientherapie, systemische therapie, Krise, gespr\u00e4chstherapie, Tulln an der donau, offm\u00fcller, Psychotherapie Nicole Offm\u00fcller Kosten und FAQ\",\"breadcrumb\":{\"@id\":\"https:\/\/xn--psychotherapie-offmller-upc.at\/wp\/kosten\/#breadcrumb\"},\"inLanguage\":\"de\",\"potentialAction\":[{\"@type\":\"ReadAction\",\"target\":[\"https:\/\/xn--psychotherapie-offmller-upc.at\/wp\/kosten\/\"]}]},{\"@type\":\"BreadcrumbList\",\"@id\":\"https:\/\/xn--psychotherapie-offmller-upc.at\/wp\/kosten\/#breadcrumb\",\"itemListElement\":[{\"@type\":\"ListItem\",\"position\":1,\"name\":\"Home\",\"item\":\"https:\/\/xn--psychotherapie-offmller-upc.at\/wp\/\"},{\"@type\":\"ListItem\",\"position\":2,\"name\":\"Kosten und FAQ\"}]},{\"@type\":\"WebSite\",\"@id\":\"https:\/\/xn--psychotherapie-offmller-upc.at\/wp\/#website\",\"url\":\"https:\/\/xn--psychotherapie-offmller-upc.at\/wp\/\",\"name\":\"Psychotherapie Offm\u00fcller\",\"description\":\"in Ausbildung unter Supervision\",\"publisher\":{\"@id\":\"https:\/\/xn--psychotherapie-offmller-upc.at\/wp\/#\/schema\/person\/c4e43f1c633e10f04708b11346fabf6e\"},\"potentialAction\":[{\"@type\":\"SearchAction\",\"target\":{\"@type\":\"EntryPoint\",\"urlTemplate\":\"https:\/\/xn--psychotherapie-offmller-upc.at\/wp\/?s={search_term_string}\"},\"query-input\":{\"@type\":\"PropertyValueSpecification\",\"valueRequired\":true,\"valueName\":\"search_term_string\"}}],\"inLanguage\":\"de\"},{\"@type\":[\"Person\",\"Organization\"],\"@id\":\"https:\/\/xn--psychotherapie-offmller-upc.at\/wp\/#\/schema\/person\/c4e43f1c633e10f04708b11346fabf6e\",\"name\":\"lznqq\",\"image\":{\"@type\":\"ImageObject\",\"inLanguage\":\"de\",\"@id\":\"https:\/\/xn--psychotherapie-offmller-upc.at\/wp\/#\/schema\/person\/image\/\",\"url\":\"https:\/\/xn--psychotherapie-offmller-upc.at\/wp\/wp-content\/uploads\/2024\/04\/WhatsApp-Image-2024-04-10-at-21.48.58-1-edited.jpeg\",\"contentUrl\":\"https:\/\/xn--psychotherapie-offmller-upc.at\/wp\/wp-content\/uploads\/2024\/04\/WhatsApp-Image-2024-04-10-at-21.48.58-1-edited.jpeg\",\"width\":372,\"height\":314,\"caption\":\"lznqq\"},\"logo\":{\"@id\":\"https:\/\/xn--psychotherapie-offmller-upc.at\/wp\/#\/schema\/person\/image\/\"},\"sameAs\":[\"https:\/\/xn--psychotherpie-offmller-9lc.at\/wp\"]}]}<\/script>\n<!-- \/ Yoast SEO plugin. -->","yoast_head_json":{"title":"Kosten und FAQ - Psychotherapie Nicole Offm\u00fcller Kosten und FAQ Psychotherapie Nicole Offm\u00fcller","description":"Psychotherapie, psychotherapeutin, tulln, paartherapie, Familientherapie, systemische therapie, Krise, gespr\u00e4chstherapie, Tulln an der donau, offm\u00fcller, Psychotherapie Nicole Offm\u00fcller Kosten und FAQ","robots":{"index":"index","follow":"follow","max-snippet":"max-snippet:-1","max-image-preview":"max-image-preview:large","max-video-preview":"max-video-preview:-1"},"canonical":"https:\/\/xn--psychotherapie-offmller-upc.at\/wp\/kosten\/","og_locale":"de_DE","og_type":"article","og_title":"Kosten und FAQ - Psychotherapie Nicole Offm\u00fcller Kosten und FAQ Psychotherapie Nicole Offm\u00fcller","og_description":"Psychotherapie, psychotherapeutin, tulln, paartherapie, Familientherapie, systemische therapie, Krise, gespr\u00e4chstherapie, Tulln an der donau, offm\u00fcller, Psychotherapie Nicole Offm\u00fcller Kosten und FAQ","og_url":"https:\/\/xn--psychotherapie-offmller-upc.at\/wp\/kosten\/","og_site_name":"Psychotherapie Nicole Offm\u00fcller","article_modified_time":"2025-10-24T15:10:39+00:00","twitter_card":"summary_large_image","twitter_misc":{"Gesch\u00e4tzte Lesezeit":"1\u00a0Minute"},"schema":{"@context":"https:\/\/schema.org","@graph":[{"@type":"WebPage","@id":"https:\/\/xn--psychotherapie-offmller-upc.at\/wp\/kosten\/","url":"https:\/\/xn--psychotherapie-offmller-upc.at\/wp\/kosten\/","name":"Kosten und FAQ - Psychotherapie Nicole Offm\u00fcller Kosten und FAQ Psychotherapie Nicole Offm\u00fcller","isPartOf":{"@id":"https:\/\/xn--psychotherapie-offmller-upc.at\/wp\/#website"},"datePublished":"2024-04-10T19:59:37+00:00","dateModified":"2025-10-24T15:10:39+00:00","description":"Psychotherapie, psychotherapeutin, tulln, paartherapie, Familientherapie, systemische therapie, Krise, gespr\u00e4chstherapie, Tulln an der donau, offm\u00fcller, Psychotherapie Nicole Offm\u00fcller Kosten und FAQ","breadcrumb":{"@id":"https:\/\/xn--psychotherapie-offmller-upc.at\/wp\/kosten\/#breadcrumb"},"inLanguage":"de","potentialAction":[{"@type":"ReadAction","target":["https:\/\/xn--psychotherapie-offmller-upc.at\/wp\/kosten\/"]}]},{"@type":"BreadcrumbList","@id":"https:\/\/xn--psychotherapie-offmller-upc.at\/wp\/kosten\/#breadcrumb","itemListElement":[{"@type":"ListItem","position":1,"name":"Home","item":"https:\/\/xn--psychotherapie-offmller-upc.at\/wp\/"},{"@type":"ListItem","position":2,"name":"Kosten und FAQ"}]},{"@type":"WebSite","@id":"https:\/\/xn--psychotherapie-offmller-upc.at\/wp\/#website","url":"https:\/\/xn--psychotherapie-offmller-upc.at\/wp\/","name":"Psychotherapie Offm\u00fcller","description":"in Ausbildung unter Supervision","publisher":{"@id":"https:\/\/xn--psychotherapie-offmller-upc.at\/wp\/#\/schema\/person\/c4e43f1c633e10f04708b11346fabf6e"},"potentialAction":[{"@type":"SearchAction","target":{"@type":"EntryPoint","urlTemplate":"https:\/\/xn--psychotherapie-offmller-upc.at\/wp\/?s={search_term_string}"},"query-input":{"@type":"PropertyValueSpecification","valueRequired":true,"valueName":"search_term_string"}}],"inLanguage":"de"},{"@type":["Person","Organization"],"@id":"https:\/\/xn--psychotherapie-offmller-upc.at\/wp\/#\/schema\/person\/c4e43f1c633e10f04708b11346fabf6e","name":"lznqq","image":{"@type":"ImageObject","inLanguage":"de","@id":"https:\/\/xn--psychotherapie-offmller-upc.at\/wp\/#\/schema\/person\/image\/","url":"https:\/\/xn--psychotherapie-offmller-upc.at\/wp\/wp-content\/uploads\/2024\/04\/WhatsApp-Image-2024-04-10-at-21.48.58-1-edited.jpeg","contentUrl":"https:\/\/xn--psychotherapie-offmller-upc.at\/wp\/wp-content\/uploads\/2024\/04\/WhatsApp-Image-2024-04-10-at-21.48.58-1-edited.jpeg","width":372,"height":314,"caption":"lznqq"},"logo":{"@id":"https:\/\/xn--psychotherapie-offmller-upc.at\/wp\/#\/schema\/person\/image\/"},"sameAs":["https:\/\/xn--psychotherpie-offmller-9lc.at\/wp"]}]}},"_links":{"self":[{"href":"https:\/\/xn--psychotherapie-offmller-upc.at\/wp\/wp-json\/wp\/v2\/pages\/27","targetHints":{"allow":["GET"]}}],"collection":[{"href":"https:\/\/xn--psychotherapie-offmller-upc.at\/wp\/wp-json\/wp\/v2\/pages"}],"about":[{"href":"https:\/\/xn--psychotherapie-offmller-upc.at\/wp\/wp-json\/wp\/v2\/types\/page"}],"author":[{"embeddable":true,"href":"https:\/\/xn--psychotherapie-offmller-upc.at\/wp\/wp-json\/wp\/v2\/users\/1"}],"replies":[{"embeddable":true,"href":"https:\/\/xn--psychotherapie-offmller-upc.at\/wp\/wp-json\/wp\/v2\/comments?post=27"}],"version-history":[{"count":19,"href":"https:\/\/xn--psychotherapie-offmller-upc.at\/wp\/wp-json\/wp\/v2\/pages\/27\/revisions"}],"predecessor-version":[{"id":284,"href":"https:\/\/xn--psychotherapie-offmller-upc.at\/wp\/wp-json\/wp\/v2\/pages\/27\/revisions\/284"}],"wp:attachment":[{"href":"https:\/\/xn--psychotherapie-offmller-upc.at\/wp\/wp-json\/wp\/v2\/media?parent=27"}],"curies":[{"name":"wp","href":"https:\/\/api.w.org\/{rel}","templated":true}]}}